{"id":722,"date":"2020-03-04T20:00:10","date_gmt":"2020-03-04T19:00:10","guid":{"rendered":"https:\/\/www.heroicaslavica.sk\/our-dogs\/"},"modified":"2026-01-29T07:56:37","modified_gmt":"2026-01-29T06:56:37","slug":"our-dogs","status":"publish","type":"page","link":"https:\/\/www.heroicaslavica.sk\/en\/our-dogs\/","title":{"rendered":"Our Dogs"},"content":{"rendered":"\t\t<div data-elementor-type=\"wp-page\" data-elementor-id=\"722\" class=\"elementor elementor-722 elementor-698\" data-elementor-post-type=\"page\">\n\t\t\t\t<div class=\"elementor-element elementor-element-9389b77 e-flex e-con-boxed e-con e-parent\" data-id=\"9389b77\" data-element_type=\"container\" data-e-type=\"container\">\n\t\t\t\t\t<div class=\"e-con-inner\">\n\t\t\t\t<div class=\"elementor-element elementor-element-78ed604 elementor-widget elementor-widget-heading\" data-id=\"78ed604\" data-element_type=\"widget\" data-e-type=\"widget\" data-widget_type=\"heading.default\">\n\t\t\t\t<div class=\"elementor-widget-container\">\n\t\t\t\t\t<h1 class=\"elementor-heading-title elementor-size-default\">Males<\/h1>\t\t\t\t<\/div>\n\t\t\t\t<\/div>\n\t\t\t\t\t<\/div>\n\t\t\t\t<\/div>\n\t\t<div class=\"elementor-element elementor-element-4a3bdef e-flex e-con-boxed e-con e-parent\" data-id=\"4a3bdef\" data-element_type=\"container\" data-e-type=\"container\">\n\t\t\t\t\t<div class=\"e-con-inner\">\n\t\t\t\t\t<\/div>\n\t\t\t\t<\/div>\n\t\t<div class=\"elementor-element elementor-element-cca7695 e-flex e-con-boxed e-con e-parent\" data-id=\"cca7695\" data-element_type=\"container\" data-e-type=\"container\">\n\t\t\t\t\t<div class=\"e-con-inner\">\n\t\t\t\t<div class=\"elementor-element elementor-element-9dcd376 elementor-widget elementor-widget-heading\" data-id=\"9dcd376\" data-element_type=\"widget\" data-e-type=\"widget\" data-widget_type=\"heading.default\">\n\t\t\t\t<div class=\"elementor-widget-container\">\n\t\t\t\t\t<h1 class=\"elementor-heading-title elementor-size-default\">Females<\/h1>\t\t\t\t<\/div>\n\t\t\t\t<\/div>\n\t\t\t\t\t<\/div>\n\t\t\t\t<\/div>\n\t\t<div class=\"elementor-element elementor-element-b2038c5 e-flex e-con-boxed e-con e-parent\" data-id=\"b2038c5\" data-element_type=\"container\" data-e-type=\"container\">\n\t\t\t\t\t<div class=\"e-con-inner\">\n\t\t\t\t\t<\/div>\n\t\t\t\t<\/div>\n\t\t<div class=\"elementor-element elementor-element-2c3a3d1 e-flex e-con-boxed e-con e-parent\" data-id=\"2c3a3d1\" data-element_type=\"container\" data-e-type=\"container\">\n\t\t\t\t\t<div class=\"e-con-inner\">\n\t\t\t\t<div class=\"elementor-element elementor-element-ba0914d elementor-widget elementor-widget-heading\" data-id=\"ba0914d\" data-element_type=\"widget\" data-e-type=\"widget\" data-widget_type=\"heading.default\">\n\t\t\t\t<div class=\"elementor-widget-container\">\n\t\t\t\t\t<h1 class=\"elementor-heading-title elementor-size-default\">Veterans<\/h1>\t\t\t\t<\/div>\n\t\t\t\t<\/div>\n\t\t\t\t\t<\/div>\n\t\t\t\t<\/div>\n\t\t<div class=\"elementor-element elementor-element-0428636 e-flex e-con-boxed e-con e-parent\" data-id=\"0428636\" data-element_type=\"container\" data-e-type=\"container\">\n\t\t\t\t\t<div class=\"e-con-inner\">\n\t\t<div class=\"elementor-element elementor-element-c331820 e-con-full e-flex e-con e-child\" data-id=\"c331820\" data-element_type=\"container\" data-e-type=\"container\">\n\t\t<div class=\"elementor-element elementor-element-cc4d100 e-con-full e-flex e-con e-child\" data-id=\"cc4d100\" data-element_type=\"container\" data-e-type=\"container\">\n\t\t\t\t<div class=\"elementor-element elementor-element-0a714d4 elementor-position-top elementor-widget elementor-widget-image-box\" data-id=\"0a714d4\" data-element_type=\"widget\" data-e-type=\"widget\" data-widget_type=\"image-box.default\">\n\t\t\t\t<div class=\"elementor-widget-container\">\n\t\t\t\t\t<div class=\"elementor-image-box-wrapper\"><figure class=\"elementor-image-box-img\"><img fetchpriority=\"high\" decoding=\"async\" width=\"1024\" height=\"679\" src=\"https:\/\/www.heroicaslavica.sk\/wp-content\/uploads\/2020\/03\/Capri-Sonne-Dramijos-3.jpg\" class=\"attachment-full size-full wp-image-594\" alt=\"Capri Sonne Dramijos\" srcset=\"https:\/\/www.heroicaslavica.sk\/wp-content\/uploads\/2020\/03\/Capri-Sonne-Dramijos-3.jpg 1024w, https:\/\/www.heroicaslavica.sk\/wp-content\/uploads\/2020\/03\/Capri-Sonne-Dramijos-3-300x199.jpg 300w, https:\/\/www.heroicaslavica.sk\/wp-content\/uploads\/2020\/03\/Capri-Sonne-Dramijos-3-768x509.jpg 768w\" sizes=\"(max-width: 1024px) 100vw, 1024px\" \/><\/figure><div class=\"elementor-image-box-content\"><h3 class=\"elementor-image-box-title\">Capri Sonne Dramijos<\/h3><p class=\"elementor-image-box-description\">DOB: 23.07.2016\u200b |  PES<\/p><\/div><\/div>\t\t\t\t<\/div>\n\t\t\t\t<\/div>\n\t\t\t\t<div class=\"elementor-element elementor-element-189fc43 elementor-align-center elementor-widget elementor-widget-button\" data-id=\"189fc43\" data-element_type=\"widget\" data-e-type=\"widget\" data-widget_type=\"button.default\">\n\t\t\t\t<div class=\"elementor-widget-container\">\n\t\t\t\t\t\t\t\t\t<div class=\"elementor-button-wrapper\">\n\t\t\t\t\t<a class=\"elementor-button elementor-button-link elementor-size-sm\" href=\"https:\/\/www.heroicaslavica.sk\/en\/corry-2\/\">\n\t\t\t\t\t\t<span class=\"elementor-button-content-wrapper\">\n\t\t\t\t\t\t\t\t\t<span class=\"elementor-button-text\">MORE<\/span>\n\t\t\t\t\t<\/span>\n\t\t\t\t\t<\/a>\n\t\t\t\t<\/div>\n\t\t\t\t\t\t\t\t<\/div>\n\t\t\t\t<\/div>\n\t\t\t\t<\/div>\n\t\t<div class=\"elementor-element elementor-element-0d66d0c e-con-full e-flex e-con e-child\" data-id=\"0d66d0c\" data-element_type=\"container\" data-e-type=\"container\">\n\t\t\t\t<div class=\"elementor-element elementor-element-03298c4 elementor-position-top elementor-widget elementor-widget-image-box\" data-id=\"03298c4\" data-element_type=\"widget\" data-e-type=\"widget\" data-widget_type=\"image-box.default\">\n\t\t\t\t<div class=\"elementor-widget-container\">\n\t\t\t\t\t<div class=\"elementor-image-box-wrapper\"><figure class=\"elementor-image-box-img\"><img decoding=\"async\" width=\"768\" height=\"476\" src=\"https:\/\/www.heroicaslavica.sk\/wp-content\/uploads\/2020\/03\/Masa-z-Hlubocke-Hajovny-4a.jpg\" class=\"attachment-full size-full wp-image-611\" alt=\"M\u00e1\u0161a z Hlubock\u00e9 H\u00e1jovny\" srcset=\"https:\/\/www.heroicaslavica.sk\/wp-content\/uploads\/2020\/03\/Masa-z-Hlubocke-Hajovny-4a.jpg 768w, https:\/\/www.heroicaslavica.sk\/wp-content\/uploads\/2020\/03\/Masa-z-Hlubocke-Hajovny-4a-300x186.jpg 300w\" sizes=\"(max-width: 768px) 100vw, 768px\" \/><\/figure><div class=\"elementor-image-box-content\"><h3 class=\"elementor-image-box-title\">M\u00e1\u0161a z Hlubock\u00e9 H\u00e1jovny<\/h3><p class=\"elementor-image-box-description\">DOB: 10.07.2017 |  FEMALE<\/p><\/div><\/div>\t\t\t\t<\/div>\n\t\t\t\t<\/div>\n\t\t\t\t<div class=\"elementor-element elementor-element-44ef7d0 elementor-align-center elementor-widget elementor-widget-button\" data-id=\"44ef7d0\" data-element_type=\"widget\" data-e-type=\"widget\" data-widget_type=\"button.default\">\n\t\t\t\t<div class=\"elementor-widget-container\">\n\t\t\t\t\t\t\t\t\t<div class=\"elementor-button-wrapper\">\n\t\t\t\t\t<a class=\"elementor-button elementor-button-link elementor-size-sm\" href=\"https:\/\/www.heroicaslavica.sk\/en\/masa\/\">\n\t\t\t\t\t\t<span class=\"elementor-button-content-wrapper\">\n\t\t\t\t\t\t\t\t\t<span class=\"elementor-button-text\">MORE<\/span>\n\t\t\t\t\t<\/span>\n\t\t\t\t\t<\/a>\n\t\t\t\t<\/div>\n\t\t\t\t\t\t\t\t<\/div>\n\t\t\t\t<\/div>\n\t\t\t\t<\/div>\n\t\t<div class=\"elementor-element elementor-element-44bfec8 e-con-full e-flex e-con e-child\" data-id=\"44bfec8\" data-element_type=\"container\" data-e-type=\"container\">\n\t\t\t\t<\/div>\n\t\t\t\t<\/div>\n\t\t\t\t\t<\/div>\n\t\t\t\t<\/div>\n\t\t<div class=\"elementor-element elementor-element-8b96827 e-flex e-con-boxed e-con e-parent\" data-id=\"8b96827\" data-element_type=\"container\" data-e-type=\"container\">\n\t\t\t\t\t<div class=\"e-con-inner\">\n\t\t\t\t<div class=\"elementor-element elementor-element-1268152 elementor-widget elementor-widget-heading\" data-id=\"1268152\" data-element_type=\"widget\" data-e-type=\"widget\" data-widget_type=\"heading.default\">\n\t\t\t\t<div class=\"elementor-widget-container\">\n\t\t\t\t\t<h1 class=\"elementor-heading-title elementor-size-default\">R.I.P.<\/h1>\t\t\t\t<\/div>\n\t\t\t\t<\/div>\n\t\t\t\t\t<\/div>\n\t\t\t\t<\/div>\n\t\t<div class=\"elementor-element elementor-element-4dbad77 e-flex e-con-boxed e-con e-parent\" data-id=\"4dbad77\" data-element_type=\"container\" data-e-type=\"container\">\n\t\t\t\t\t<div class=\"e-con-inner\">\n\t\t\t\t\t<\/div>\n\t\t\t\t<\/div>\n\t\t\t\t<\/div>\n\t\t","protected":false},"excerpt":{"rendered":"<p>Males Females Veterans Capri Sonne Dramijos DOB: 23.07.2016\u200b | PES MORE M\u00e1\u0161a z Hlubock\u00e9 H\u00e1jovny DOB: 10.07.2017 | FEMALE MORE R.I.P.<\/p>\n","protected":false},"author":1,"featured_media":1109,"parent":0,"menu_order":0,"comment_status":"closed","ping_status":"closed","template":"","meta":{"iawp_total_views":139,"footnotes":""},"class_list":["post-722","page","type-page","status-publish","has-post-thumbnail","hentry"],"_links":{"self":[{"href":"https:\/\/www.heroicaslavica.sk\/en\/wp-json\/wp\/v2\/pages\/722","targetHints":{"allow":["GET"]}}],"collection":[{"href":"https:\/\/www.heroicaslavica.sk\/en\/wp-json\/wp\/v2\/pages"}],"about":[{"href":"https:\/\/www.heroicaslavica.sk\/en\/wp-json\/wp\/v2\/types\/page"}],"author":[{"embeddable":true,"href":"https:\/\/www.heroicaslavica.sk\/en\/wp-json\/wp\/v2\/users\/1"}],"replies":[{"embeddable":true,"href":"https:\/\/www.heroicaslavica.sk\/en\/wp-json\/wp\/v2\/comments?post=722"}],"version-history":[{"count":0,"href":"https:\/\/www.heroicaslavica.sk\/en\/wp-json\/wp\/v2\/pages\/722\/revisions"}],"wp:featuredmedia":[{"embeddable":true,"href":"https:\/\/www.heroicaslavica.sk\/en\/wp-json\/wp\/v2\/media\/1109"}],"wp:attachment":[{"href":"https:\/\/www.heroicaslavica.sk\/en\/wp-json\/wp\/v2\/media?parent=722"}],"curies":[{"name":"wp","href":"https:\/\/api.w.org\/{rel}","templated":true}]}}